{"id":1026,"date":"2025-03-31T17:15:48","date_gmt":"2025-03-31T16:15:48","guid":{"rendered":"https:\/\/findyourbetterme.lu\/?page_id=1026"},"modified":"2025-10-06T10:30:24","modified_gmt":"2025-10-06T08:30:24","slug":"msc-psych-annekatrin-allouch","status":"publish","type":"page","link":"https:\/\/findyourbetterme.lu\/en\/msc-psych-annekatrin-allouch\/","title":{"rendered":"M.Sc. Psych. Annekatrin Allouch"},"content":{"rendered":"<div data-elementor-type=\"wp-page\" data-elementor-id=\"1026\" class=\"elementor elementor-1026\" data-elementor-settings=\"{&quot;element_pack_global_tooltip_width&quot;:{&quot;unit&quot;:&quot;px&quot;,&quot;size&quot;:&quot;&quot;,&quot;sizes&quot;:[]},&quot;element_pack_global_tooltip_width_tablet&quot;:{&quot;unit&quot;:&quot;px&quot;,&quot;size&quot;:&quot;&quot;,&quot;sizes&quot;:[]},&quot;element_pack_global_tooltip_width_mobile&quot;:{&quot;unit&quot;:&quot;px&quot;,&quot;size&quot;:&quot;&quot;,&quot;sizes&quot;:[]},&quot;element_pack_global_tooltip_padding&quot;:{&quot;unit&quot;:&quot;px&quot;,&quot;top&quot;:&quot;&quot;,&quot;right&quot;:&quot;&quot;,&quot;bottom&quot;:&quot;&quot;,&quot;left&quot;:&quot;&quot;,&quot;isLinked&quot;:true},&quot;element_pack_global_tooltip_padding_tablet&quot;:{&quot;unit&quot;:&quot;px&quot;,&quot;top&quot;:&quot;&quot;,&quot;right&quot;:&quot;&quot;,&quot;bottom&quot;:&quot;&quot;,&quot;left&quot;:&quot;&quot;,&quot;isLinked&quot;:true},&quot;element_pack_global_tooltip_padding_mobile&quot;:{&quot;unit&quot;:&quot;px&quot;,&quot;top&quot;:&quot;&quot;,&quot;right&quot;:&quot;&quot;,&quot;bottom&quot;:&quot;&quot;,&quot;left&quot;:&quot;&quot;,&quot;isLinked&quot;:true},&quot;element_pack_global_tooltip_border_radius&quot;:{&quot;unit&quot;:&quot;px&quot;,&quot;top&quot;:&quot;&quot;,&quot;right&quot;:&quot;&quot;,&quot;bottom&quot;:&quot;&quot;,&quot;left&quot;:&quot;&quot;,&quot;isLinked&quot;:true},&quot;element_pack_global_tooltip_border_radius_tablet&quot;:{&quot;unit&quot;:&quot;px&quot;,&quot;top&quot;:&quot;&quot;,&quot;right&quot;:&quot;&quot;,&quot;bottom&quot;:&quot;&quot;,&quot;left&quot;:&quot;&quot;,&quot;isLinked&quot;:true},&quot;element_pack_global_tooltip_border_radius_mobile&quot;:{&quot;unit&quot;:&quot;px&quot;,&quot;top&quot;:&quot;&quot;,&quot;right&quot;:&quot;&quot;,&quot;bottom&quot;:&quot;&quot;,&quot;left&quot;:&quot;&quot;,&quot;isLinked&quot;:true}}\">\n\t\t\t\t<div class=\"elementor-element elementor-element-52bbb9d e-flex e-con-boxed e-con e-parent\" data-id=\"52bbb9d\" data-element_type=\"container\" data-e-type=\"container\">\n\t\t\t\t\t<div class=\"e-con-inner\">\n\t\t<div class=\"elementor-element elementor-element-b886a82 e-con-full e-flex e-con e-child\" data-id=\"b886a82\" data-element_type=\"container\" data-e-type=\"container\">\n\t\t\t\t<div class=\"elementor-element elementor-element-77226cc elementor-invisible elementor-widget elementor-widget-image\" data-id=\"77226cc\" data-element_type=\"widget\" data-e-type=\"widget\" data-settings=\"{&quot;_animation&quot;:&quot;fadeInLeft&quot;}\" data-widget_type=\"image.default\">\n\t\t\t\t<div class=\"elementor-widget-container\">\n\t\t\t\t\t\t\t\t\t\t\t\t\t\t\t<img fetchpriority=\"high\" decoding=\"async\" width=\"1000\" height=\"1000\" src=\"https:\/\/findyourbetterme.lu\/wp-content\/uploads\/2025\/10\/Annekatrin-Allouch.png\" class=\"attachment-full size-full wp-image-1166\" alt=\"M.Sc. Psych. Annekatrin Allouch\" srcset=\"https:\/\/findyourbetterme.lu\/wp-content\/uploads\/2025\/10\/Annekatrin-Allouch.png 1000w, https:\/\/findyourbetterme.lu\/wp-content\/uploads\/2025\/10\/Annekatrin-Allouch-300x300.png 300w, https:\/\/findyourbetterme.lu\/wp-content\/uploads\/2025\/10\/Annekatrin-Allouch-150x150.png 150w, https:\/\/findyourbetterme.lu\/wp-content\/uploads\/2025\/10\/Annekatrin-Allouch-768x768.png 768w, https:\/\/findyourbetterme.lu\/wp-content\/uploads\/2025\/10\/Annekatrin-Allouch-12x12.png 12w, https:\/\/findyourbetterme.lu\/wp-content\/uploads\/2025\/10\/Annekatrin-Allouch-650x650.png 650w\" sizes=\"(max-width: 1000px) 100vw, 1000px\" \/>\t\t\t\t\t\t\t\t\t\t\t\t\t\t\t<\/div>\n\t\t\t\t<\/div>\n\t\t\t\t<\/div>\n\t\t<div class=\"elementor-element elementor-element-9d54709 e-con-full e-flex e-con e-child\" data-id=\"9d54709\" data-element_type=\"container\" data-e-type=\"container\">\n\t\t\t\t<div class=\"elementor-element elementor-element-ab8514a elementor-widget elementor-widget-heading\" data-id=\"ab8514a\" data-element_type=\"widget\" data-e-type=\"widget\" data-widget_type=\"heading.default\">\n\t\t\t\t<div class=\"elementor-widget-container\">\n\t\t\t\t\t<h3 class=\"elementor-heading-title elementor-size-default\">Psychological psychotherapist<\/h3>\t\t\t\t<\/div>\n\t\t\t\t<\/div>\n\t\t\t\t<div class=\"elementor-element elementor-element-a21a92e elementor-widget elementor-widget-text-editor\" data-id=\"a21a92e\" data-element_type=\"widget\" data-e-type=\"widget\" data-widget_type=\"text-editor.default\">\n\t\t\t\t<div class=\"elementor-widget-container\">\n\t\t\t\t\t\t\t\t\t<div class=\"MuiGrid-root MuiGrid-item MuiGrid-grid-sm-8\"><div class=\"jss92\"><p>I offer psychotherapeutic support and coaching to help adults and adolescents cope with crises and stressful phases in their lives. It is important to me to focus on the client's resources and work together to develop possible solutions and individual coping strategies. I see coaching as helping you to help yourself and want you to learn to solve difficulties independently over time (\u2018self-management\u2019).<\/p><p>It is very important for me to establish a pleasant, supportive relationship. Trust and orientation are created through the greatest possible transparency, appreciation and a structured way of working.<\/p><\/div><\/div>\t\t\t\t\t\t\t\t<\/div>\n\t\t\t\t<\/div>\n\t\t\t\t<\/div>\n\t\t\t\t\t<\/div>\n\t\t\t\t<\/div>\n\t\t<div class=\"elementor-element elementor-element-69540bd e-flex e-con-boxed e-con e-parent\" data-id=\"69540bd\" data-element_type=\"container\" data-e-type=\"container\">\n\t\t\t\t\t<div class=\"e-con-inner\">\n\t\t\t\t<div class=\"elementor-element elementor-element-c308f61 elementor-widget elementor-widget-text-editor\" data-id=\"c308f61\" data-element_type=\"widget\" data-e-type=\"widget\" data-widget_type=\"text-editor.default\">\n\t\t\t\t<div class=\"elementor-widget-container\">\n\t\t\t\t\t\t\t\t\t<p>In addition to behavioural therapy methods, I use mindfulness-based, experience-oriented and systemic elements in my work. In order to provide state-of-the-art treatment and achieve good results, I regularly undergo further training in my work. I treat adults and adolsecents as well as their families who are in critical phases of life and\/or suffer from mental illness. I specialise in the treatment of anxiety, depression and ADHD.<\/p>\t\t\t\t\t\t\t\t<\/div>\n\t\t\t\t<\/div>\n\t\t\t\t\t<\/div>\n\t\t\t\t<\/div>\n\t\t\t\t<\/div>","protected":false},"excerpt":{"rendered":"<p>Psychologische Psychotherapeutin Ich biete psychotherapeutische Unterst\u00fctzung und Coaching bei der Bew\u00e4ltigung krisenhafter bzw. belastender Lebensphasen f\u00fcr Erwachsene sowie Jugendliche digital an. Dabei [&hellip;]<\/p>\n","protected":false},"author":4,"featured_media":0,"parent":0,"menu_order":0,"comment_status":"closed","ping_status":"closed","template":"","meta":{"footnotes":""},"class_list":["post-1026","page","type-page","status-publish","hentry"],"_links":{"self":[{"href":"https:\/\/findyourbetterme.lu\/en\/wp-json\/wp\/v2\/pages\/1026","targetHints":{"allow":["GET"]}}],"collection":[{"href":"https:\/\/findyourbetterme.lu\/en\/wp-json\/wp\/v2\/pages"}],"about":[{"href":"https:\/\/findyourbetterme.lu\/en\/wp-json\/wp\/v2\/types\/page"}],"author":[{"embeddable":true,"href":"https:\/\/findyourbetterme.lu\/en\/wp-json\/wp\/v2\/users\/4"}],"replies":[{"embeddable":true,"href":"https:\/\/findyourbetterme.lu\/en\/wp-json\/wp\/v2\/comments?post=1026"}],"version-history":[{"count":0,"href":"https:\/\/findyourbetterme.lu\/en\/wp-json\/wp\/v2\/pages\/1026\/revisions"}],"wp:attachment":[{"href":"https:\/\/findyourbetterme.lu\/en\/wp-json\/wp\/v2\/media?parent=1026"}],"curies":[{"name":"wp","href":"https:\/\/api.w.org\/{rel}","templated":true}]}}