{"id":1231,"date":"2026-03-16T09:15:54","date_gmt":"2026-03-16T08:15:54","guid":{"rendered":"https:\/\/findyourbetterme.lu\/?page_id=1231"},"modified":"2026-04-20T19:03:03","modified_gmt":"2026-04-20T17:03:03","slug":"m-sc-psych-mila-troskie","status":"publish","type":"page","link":"https:\/\/findyourbetterme.lu\/en\/m-sc-psych-mila-troskie\/","title":{"rendered":"M.Sc. Psych. Mila Troskie"},"content":{"rendered":"<div data-elementor-type=\"wp-page\" data-elementor-id=\"1231\" class=\"elementor elementor-1231\" data-elementor-settings=\"{&quot;element_pack_global_tooltip_width&quot;:{&quot;unit&quot;:&quot;px&quot;,&quot;size&quot;:&quot;&quot;,&quot;sizes&quot;:[]},&quot;element_pack_global_tooltip_width_tablet&quot;:{&quot;unit&quot;:&quot;px&quot;,&quot;size&quot;:&quot;&quot;,&quot;sizes&quot;:[]},&quot;element_pack_global_tooltip_width_mobile&quot;:{&quot;unit&quot;:&quot;px&quot;,&quot;size&quot;:&quot;&quot;,&quot;sizes&quot;:[]},&quot;element_pack_global_tooltip_padding&quot;:{&quot;unit&quot;:&quot;px&quot;,&quot;top&quot;:&quot;&quot;,&quot;right&quot;:&quot;&quot;,&quot;bottom&quot;:&quot;&quot;,&quot;left&quot;:&quot;&quot;,&quot;isLinked&quot;:true},&quot;element_pack_global_tooltip_padding_tablet&quot;:{&quot;unit&quot;:&quot;px&quot;,&quot;top&quot;:&quot;&quot;,&quot;right&quot;:&quot;&quot;,&quot;bottom&quot;:&quot;&quot;,&quot;left&quot;:&quot;&quot;,&quot;isLinked&quot;:true},&quot;element_pack_global_tooltip_padding_mobile&quot;:{&quot;unit&quot;:&quot;px&quot;,&quot;top&quot;:&quot;&quot;,&quot;right&quot;:&quot;&quot;,&quot;bottom&quot;:&quot;&quot;,&quot;left&quot;:&quot;&quot;,&quot;isLinked&quot;:true},&quot;element_pack_global_tooltip_border_radius&quot;:{&quot;unit&quot;:&quot;px&quot;,&quot;top&quot;:&quot;&quot;,&quot;right&quot;:&quot;&quot;,&quot;bottom&quot;:&quot;&quot;,&quot;left&quot;:&quot;&quot;,&quot;isLinked&quot;:true},&quot;element_pack_global_tooltip_border_radius_tablet&quot;:{&quot;unit&quot;:&quot;px&quot;,&quot;top&quot;:&quot;&quot;,&quot;right&quot;:&quot;&quot;,&quot;bottom&quot;:&quot;&quot;,&quot;left&quot;:&quot;&quot;,&quot;isLinked&quot;:true},&quot;element_pack_global_tooltip_border_radius_mobile&quot;:{&quot;unit&quot;:&quot;px&quot;,&quot;top&quot;:&quot;&quot;,&quot;right&quot;:&quot;&quot;,&quot;bottom&quot;:&quot;&quot;,&quot;left&quot;:&quot;&quot;,&quot;isLinked&quot;:true}}\">\n\t\t\t\t<div class=\"elementor-element elementor-element-acee705 e-flex e-con-boxed e-con e-parent\" data-id=\"acee705\" data-element_type=\"container\" data-e-type=\"container\">\n\t\t\t\t\t<div class=\"e-con-inner\">\n\t\t<div class=\"elementor-element elementor-element-250b170 e-con-full e-flex e-con e-child\" data-id=\"250b170\" data-element_type=\"container\" data-e-type=\"container\">\n\t\t\t\t<div class=\"elementor-element elementor-element-873040e elementor-invisible elementor-widget elementor-widget-image\" data-id=\"873040e\" data-element_type=\"widget\" data-e-type=\"widget\" data-settings=\"{&quot;_animation&quot;:&quot;fadeInLeft&quot;}\" data-widget_type=\"image.default\">\n\t\t\t\t<div class=\"elementor-widget-container\">\n\t\t\t\t\t\t\t\t\t\t\t\t\t\t\t<img fetchpriority=\"high\" decoding=\"async\" width=\"1000\" height=\"1000\" src=\"https:\/\/findyourbetterme.lu\/wp-content\/uploads\/2026\/03\/Mila-Troskie.png\" class=\"attachment-full size-full wp-image-1226\" alt=\"M.Sc. Psych. Mila Troskie\" srcset=\"https:\/\/findyourbetterme.lu\/wp-content\/uploads\/2026\/03\/Mila-Troskie.png 1000w, https:\/\/findyourbetterme.lu\/wp-content\/uploads\/2026\/03\/Mila-Troskie-300x300.png 300w, https:\/\/findyourbetterme.lu\/wp-content\/uploads\/2026\/03\/Mila-Troskie-150x150.png 150w, https:\/\/findyourbetterme.lu\/wp-content\/uploads\/2026\/03\/Mila-Troskie-768x768.png 768w, https:\/\/findyourbetterme.lu\/wp-content\/uploads\/2026\/03\/Mila-Troskie-12x12.png 12w, https:\/\/findyourbetterme.lu\/wp-content\/uploads\/2026\/03\/Mila-Troskie-650x650.png 650w\" sizes=\"(max-width: 1000px) 100vw, 1000px\" \/>\t\t\t\t\t\t\t\t\t\t\t\t\t\t\t<\/div>\n\t\t\t\t<\/div>\n\t\t\t\t<\/div>\n\t\t<div class=\"elementor-element elementor-element-efd15ac e-con-full e-flex e-con e-child\" data-id=\"efd15ac\" data-element_type=\"container\" data-e-type=\"container\">\n\t\t\t\t<div class=\"elementor-element elementor-element-465992f elementor-widget elementor-widget-text-editor\" data-id=\"465992f\" data-element_type=\"widget\" data-e-type=\"widget\" data-widget_type=\"text-editor.default\">\n\t\t\t\t<div class=\"elementor-widget-container\">\n\t\t\t\t\t\t\t\t\t<ul><li>Spoken languages: English, Afrikaans, Luxemburgish, Dutch, German and French(B2).<\/li><li>MSc in Clinical Psychology at Leiden University<\/li><li>Zusatzqualifikationen: Abgeschlossene Basisausbildungen in \u201eemotionally focused therapy\u201c (EFT) und EMDR.<\/li><\/ul>\t\t\t\t\t\t\t\t<\/div>\n\t\t\t\t<\/div>\n\t\t\t\t<\/div>\n\t\t\t\t\t<\/div>\n\t\t\t\t<\/div>\n\t\t<div class=\"elementor-element elementor-element-bd0a0db e-flex e-con-boxed e-con e-parent\" data-id=\"bd0a0db\" data-element_type=\"container\" data-e-type=\"container\">\n\t\t\t\t\t<div class=\"e-con-inner\">\n\t\t\t\t<div class=\"elementor-element elementor-element-c40ce3d elementor-widget elementor-widget-text-editor\" data-id=\"c40ce3d\" data-element_type=\"widget\" data-e-type=\"widget\" data-widget_type=\"text-editor.default\">\n\t\t\t\t<div class=\"elementor-widget-container\">\n\t\t\t\t\t\t\t\t\t<p>I offer in-person psychological support for adults and couples navigating relationship difficulties, low self-esteem, challenging life transitions, or stress management.<\/p><p>Through my work in the healthcare system in The Hague and Amsterdam, I have had the privilege of working with people with a wide range of psychological complaints and different cultural backgrounds. Drawing on this experience, I focus on meeting my clients where they are on their personal journey, collaboratively exploring the patterns they may be caught in.<\/p><p>Whether you feel down, overwhelmed, anxious, lost or empty \u2013 or all the above - our sessions provide a safe space where we can explore these themes together with curiosity and gently discover new ways to cope.<\/p><p>Throughout this process, I flexibly adopt experiential, cognitive, behavioural and mindfulness-based tools tailored to each person. I engage in continuous training and supervision to ensure I keep developing both professionally and personally. \u00a0 \u00a0 \u00a0 \u00a0 \u00a0 \u00a0 \u00a0 \u00a0 \u00a0 \u00a0 \u00a0 \u00a0 \u00a0 \u00a0 \u00a0 \u00a0 \u00a0 \u00a0 \u00a0 \u00a0 \u00a0 \u00a0 \u00a0 \u00a0 \u00a0 \u00a0 \u00a0 \u00a0 \u00a0 \u00a0 \u00a0 \u00a0 \u00a0 \u00a0 \u00a0 \u00a0 \u00a0 \u00a0 \u00a0 \u00a0 \u00a0 \u00a0 \u00a0 \u00a0 \u00a0 \u00a0 \u00a0 \u00a0 \u00a0 \u00a0 \u00a0<\/p>\t\t\t\t\t\t\t\t<\/div>\n\t\t\t\t<\/div>\n\t\t\t\t\t<\/div>\n\t\t\t\t<\/div>\n\t\t<div class=\"elementor-element elementor-element-b63c0ed e-grid e-con-boxed e-con e-parent\" data-id=\"b63c0ed\" data-element_type=\"container\" data-e-type=\"container\">\n\t\t\t\t\t<div class=\"e-con-inner\">\n\t\t\t\t<div class=\"elementor-element elementor-element-23c0350 elementor-widget elementor-widget-text-editor\" data-id=\"23c0350\" data-element_type=\"widget\" data-e-type=\"widget\" data-widget_type=\"text-editor.default\">\n\t\t\t\t<div class=\"elementor-widget-container\">\n\t\t\t\t\t\t\t\t\t<p style=\"font-size: 12px; line-height: 1 em;\">Please note that my services as a psychologist are currently not covered by the CNS. You can view the exact rates for each session type in our booking portal.<\/p>\t\t\t\t\t\t\t\t<\/div>\n\t\t\t\t<\/div>\n\t\t\t\t\t<\/div>\n\t\t\t\t<\/div>\n\t\t\t\t<\/div>","protected":false},"excerpt":{"rendered":"<p>Sprachen: Englisch, Afrikaans, Luxemburgisch, Niederl\u00e4ndisch, Deutsch und Franz\u00f6sisch (B2). Abschluss: MSc in Klinischer Psychologie an der Universit\u00e4t Leiden. Zusatzqualifikationen: Abgeschlossene Basisausbildungen in [&hellip;]<\/p>\n","protected":false},"author":4,"featured_media":0,"parent":0,"menu_order":0,"comment_status":"closed","ping_status":"closed","template":"","meta":{"footnotes":""},"class_list":["post-1231","page","type-page","status-publish","hentry"],"_links":{"self":[{"href":"https:\/\/findyourbetterme.lu\/en\/wp-json\/wp\/v2\/pages\/1231","targetHints":{"allow":["GET"]}}],"collection":[{"href":"https:\/\/findyourbetterme.lu\/en\/wp-json\/wp\/v2\/pages"}],"about":[{"href":"https:\/\/findyourbetterme.lu\/en\/wp-json\/wp\/v2\/types\/page"}],"author":[{"embeddable":true,"href":"https:\/\/findyourbetterme.lu\/en\/wp-json\/wp\/v2\/users\/4"}],"replies":[{"embeddable":true,"href":"https:\/\/findyourbetterme.lu\/en\/wp-json\/wp\/v2\/comments?post=1231"}],"version-history":[{"count":69,"href":"https:\/\/findyourbetterme.lu\/en\/wp-json\/wp\/v2\/pages\/1231\/revisions"}],"predecessor-version":[{"id":1363,"href":"https:\/\/findyourbetterme.lu\/en\/wp-json\/wp\/v2\/pages\/1231\/revisions\/1363"}],"wp:attachment":[{"href":"https:\/\/findyourbetterme.lu\/en\/wp-json\/wp\/v2\/media?parent=1231"}],"curies":[{"name":"wp","href":"https:\/\/api.w.org\/{rel}","templated":true}]}}