{"id":20,"date":"2024-08-16T08:28:13","date_gmt":"2024-08-16T06:28:13","guid":{"rendered":"https:\/\/findyourbetterme.lu\/?page_id=20"},"modified":"2026-04-13T14:38:06","modified_gmt":"2026-04-13T12:38:06","slug":"psychotherapy-coaching-and-couples-therapy-in-luxembourg-2","status":"publish","type":"page","link":"https:\/\/findyourbetterme.lu\/en\/psychotherapie-coaching-und-paartherapie-in-luxemburg-2\/","title":{"rendered":"Cost"},"content":{"rendered":"<div data-elementor-type=\"wp-page\" data-elementor-id=\"20\" class=\"elementor elementor-20\" data-elementor-settings=\"{&quot;element_pack_global_tooltip_width&quot;:{&quot;unit&quot;:&quot;px&quot;,&quot;size&quot;:&quot;&quot;,&quot;sizes&quot;:[]},&quot;element_pack_global_tooltip_width_tablet&quot;:{&quot;unit&quot;:&quot;px&quot;,&quot;size&quot;:&quot;&quot;,&quot;sizes&quot;:[]},&quot;element_pack_global_tooltip_width_mobile&quot;:{&quot;unit&quot;:&quot;px&quot;,&quot;size&quot;:&quot;&quot;,&quot;sizes&quot;:[]},&quot;element_pack_global_tooltip_padding&quot;:{&quot;unit&quot;:&quot;px&quot;,&quot;top&quot;:&quot;&quot;,&quot;right&quot;:&quot;&quot;,&quot;bottom&quot;:&quot;&quot;,&quot;left&quot;:&quot;&quot;,&quot;isLinked&quot;:true},&quot;element_pack_global_tooltip_padding_tablet&quot;:{&quot;unit&quot;:&quot;px&quot;,&quot;top&quot;:&quot;&quot;,&quot;right&quot;:&quot;&quot;,&quot;bottom&quot;:&quot;&quot;,&quot;left&quot;:&quot;&quot;,&quot;isLinked&quot;:true},&quot;element_pack_global_tooltip_padding_mobile&quot;:{&quot;unit&quot;:&quot;px&quot;,&quot;top&quot;:&quot;&quot;,&quot;right&quot;:&quot;&quot;,&quot;bottom&quot;:&quot;&quot;,&quot;left&quot;:&quot;&quot;,&quot;isLinked&quot;:true},&quot;element_pack_global_tooltip_border_radius&quot;:{&quot;unit&quot;:&quot;px&quot;,&quot;top&quot;:&quot;&quot;,&quot;right&quot;:&quot;&quot;,&quot;bottom&quot;:&quot;&quot;,&quot;left&quot;:&quot;&quot;,&quot;isLinked&quot;:true},&quot;element_pack_global_tooltip_border_radius_tablet&quot;:{&quot;unit&quot;:&quot;px&quot;,&quot;top&quot;:&quot;&quot;,&quot;right&quot;:&quot;&quot;,&quot;bottom&quot;:&quot;&quot;,&quot;left&quot;:&quot;&quot;,&quot;isLinked&quot;:true},&quot;element_pack_global_tooltip_border_radius_mobile&quot;:{&quot;unit&quot;:&quot;px&quot;,&quot;top&quot;:&quot;&quot;,&quot;right&quot;:&quot;&quot;,&quot;bottom&quot;:&quot;&quot;,&quot;left&quot;:&quot;&quot;,&quot;isLinked&quot;:true}}\">\n\t\t\t\t<div class=\"elementor-element elementor-element-2d4ff1a e-flex e-con-boxed e-con e-parent\" data-id=\"2d4ff1a\" data-element_type=\"container\" data-e-type=\"container\">\n\t\t\t\t\t<div class=\"e-con-inner\">\n\t\t<div class=\"elementor-element elementor-element-d84165d e-con-full e-flex e-con e-child\" data-id=\"d84165d\" data-element_type=\"container\" data-e-type=\"container\">\n\t\t\t\t<div class=\"elementor-element elementor-element-0992be9 elementor-widget elementor-widget-heading\" data-id=\"0992be9\" data-element_type=\"widget\" data-e-type=\"widget\" data-widget_type=\"heading.default\">\n\t\t\t\t<div class=\"elementor-widget-container\">\n\t\t\t\t\t<h3 class=\"elementor-heading-title elementor-size-default\">Coverage by health insurance (CNS)<\/h3>\t\t\t\t<\/div>\n\t\t\t\t<\/div>\n\t\t\t\t<div class=\"elementor-element elementor-element-a4ed1ed elementor-widget elementor-widget-text-editor\" data-id=\"a4ed1ed\" data-element_type=\"widget\" data-e-type=\"widget\" data-widget_type=\"text-editor.default\">\n\t\t\t\t<div class=\"elementor-widget-container\">\n\t\t\t\t\t\t\t\t\t<p>The costs for psychotherapeutic services are only covered by health insurance if a doctor prescribes them. <span style=\"text-decoration: underline; color: #cc99ff;\"><a style=\"color: #cc99ff; text-decoration: underline;\" href=\"https:\/\/cns.public.lu\/de\/assure\/remboursements\/prestations-remboursees\/prestations-medicales\/psychotherapie.html\" target=\"_blank\" rel=\"noopener\">CNS<\/a><\/span> The services listed in the nomenclature of psychotherapists are covered at 70 % for adults and at 100 % for insured persons who are not yet 18 years old at the time the medical prescription is issued. <span dir=\"ltr\" role=\"presentation\">The CNS <\/span><span dir=\"ltr\" role=\"presentation\">does not accept digital meetings.<\/span> Further information can be found on the website of <span style=\"text-decoration: underline; color: #cc99ff;\"><a style=\"color: #cc99ff; text-decoration: underline;\" href=\"https:\/\/cns.public.lu\/de\/assure\/remboursements\/prestations-remboursees\/prestations-medicales\/psychotherapie.html\" target=\"_blank\" rel=\"noopener\">CNS<\/a><\/span>.<\/p>\t\t\t\t\t\t\t\t<\/div>\n\t\t\t\t<\/div>\n\t\t\t\t<\/div>\n\t\t<div class=\"elementor-element elementor-element-e166bcf e-con-full e-flex e-con e-child\" data-id=\"e166bcf\" data-element_type=\"container\" data-e-type=\"container\">\n\t\t\t\t<div class=\"elementor-element elementor-element-f2723b1 elementor-widget elementor-widget-image\" data-id=\"f2723b1\" data-element_type=\"widget\" data-e-type=\"widget\" data-widget_type=\"image.default\">\n\t\t\t\t<div class=\"elementor-widget-container\">\n\t\t\t\t\t\t\t\t\t\t\t\t\t\t\t<img fetchpriority=\"high\" decoding=\"async\" width=\"1000\" height=\"1000\" src=\"https:\/\/findyourbetterme.lu\/wp-content\/uploads\/2024\/09\/Kosten-2-1.png\" class=\"attachment-large size-large wp-image-346\" alt=\"Psychotherapy costs\" srcset=\"https:\/\/findyourbetterme.lu\/wp-content\/uploads\/2024\/09\/Kosten-2-1.png 1000w, https:\/\/findyourbetterme.lu\/wp-content\/uploads\/2024\/09\/Kosten-2-1-300x300.png 300w, https:\/\/findyourbetterme.lu\/wp-content\/uploads\/2024\/09\/Kosten-2-1-150x150.png 150w, https:\/\/findyourbetterme.lu\/wp-content\/uploads\/2024\/09\/Kosten-2-1-768x768.png 768w, https:\/\/findyourbetterme.lu\/wp-content\/uploads\/2024\/09\/Kosten-2-1-12x12.png 12w, https:\/\/findyourbetterme.lu\/wp-content\/uploads\/2024\/09\/Kosten-2-1-650x650.png 650w\" sizes=\"(max-width: 1000px) 100vw, 1000px\" \/>\t\t\t\t\t\t\t\t\t\t\t\t\t\t\t<\/div>\n\t\t\t\t<\/div>\n\t\t\t\t<\/div>\n\t\t\t\t\t<\/div>\n\t\t\t\t<\/div>\n\t\t<div class=\"elementor-element elementor-element-48b73fe e-flex e-con-boxed e-con e-parent\" data-id=\"48b73fe\" data-element_type=\"container\" data-e-type=\"container\">\n\t\t\t\t\t<div class=\"e-con-inner\">\n\t\t<div class=\"elementor-element elementor-element-f30b167 e-con-full e-flex e-con e-child\" data-id=\"f30b167\" data-element_type=\"container\" data-e-type=\"container\">\n\t\t\t\t<div class=\"elementor-element elementor-element-87c4dc8 elementor-widget elementor-widget-image\" data-id=\"87c4dc8\" data-element_type=\"widget\" data-e-type=\"widget\" data-widget_type=\"image.default\">\n\t\t\t\t<div class=\"elementor-widget-container\">\n\t\t\t\t\t\t\t\t\t\t\t\t\t\t\t<img decoding=\"async\" width=\"1000\" height=\"1000\" src=\"https:\/\/findyourbetterme.lu\/wp-content\/uploads\/2024\/09\/Kosten-4-1.png\" class=\"attachment-large size-large wp-image-623\" alt=\"Psychotherapy costs Luxembourg\" srcset=\"https:\/\/findyourbetterme.lu\/wp-content\/uploads\/2024\/09\/Kosten-4-1.png 1000w, https:\/\/findyourbetterme.lu\/wp-content\/uploads\/2024\/09\/Kosten-4-1-300x300.png 300w, https:\/\/findyourbetterme.lu\/wp-content\/uploads\/2024\/09\/Kosten-4-1-150x150.png 150w, https:\/\/findyourbetterme.lu\/wp-content\/uploads\/2024\/09\/Kosten-4-1-768x768.png 768w, https:\/\/findyourbetterme.lu\/wp-content\/uploads\/2024\/09\/Kosten-4-1-12x12.png 12w, https:\/\/findyourbetterme.lu\/wp-content\/uploads\/2024\/09\/Kosten-4-1-650x650.png 650w\" sizes=\"(max-width: 1000px) 100vw, 1000px\" \/>\t\t\t\t\t\t\t\t\t\t\t\t\t\t\t<\/div>\n\t\t\t\t<\/div>\n\t\t\t\t<\/div>\n\t\t<div class=\"elementor-element elementor-element-f17d480 e-con-full e-flex e-con e-child\" data-id=\"f17d480\" data-element_type=\"container\" data-e-type=\"container\">\n\t\t\t\t<div class=\"elementor-element elementor-element-7109999 elementor-widget elementor-widget-heading\" data-id=\"7109999\" data-element_type=\"widget\" data-e-type=\"widget\" data-widget_type=\"heading.default\">\n\t\t\t\t<div class=\"elementor-widget-container\">\n\t\t\t\t\t<h3 class=\"elementor-heading-title elementor-size-default\">Digital Psychotherapy<\/h3>\t\t\t\t<\/div>\n\t\t\t\t<\/div>\n\t\t\t\t<div class=\"elementor-element elementor-element-be50867 elementor-widget elementor-widget-text-editor\" data-id=\"be50867\" data-element_type=\"widget\" data-e-type=\"widget\" data-widget_type=\"text-editor.default\">\n\t\t\t\t<div class=\"elementor-widget-container\">\n\t\t\t\t\t\t\t\t\t<p>If you would like to start treatment, there are no formalities that need to be taken into account beforehand. The fee is <strong>158,95 EUR (pro 50min). <span dir=\"ltr\" role=\"presentation\">The <\/span><span dir=\"ltr\" role=\"presentation\">The session will not be covered by the CNS.<\/span> Payment by credit card or Payconiq.<\/strong><\/p>\t\t\t\t\t\t\t\t<\/div>\n\t\t\t\t<\/div>\n\t\t\t\t<\/div>\n\t\t\t\t\t<\/div>\n\t\t\t\t<\/div>\n\t\t<div class=\"elementor-element elementor-element-93c570a e-flex e-con-boxed e-con e-parent\" data-id=\"93c570a\" data-element_type=\"container\" data-e-type=\"container\">\n\t\t\t\t\t<div class=\"e-con-inner\">\n\t\t<div class=\"elementor-element elementor-element-2809c51 e-con-full e-flex e-con e-child\" data-id=\"2809c51\" data-element_type=\"container\" data-e-type=\"container\">\n\t\t\t\t<div class=\"elementor-element elementor-element-1b2c254 elementor-widget elementor-widget-heading\" data-id=\"1b2c254\" data-element_type=\"widget\" data-e-type=\"widget\" data-widget_type=\"heading.default\">\n\t\t\t\t<div class=\"elementor-widget-container\">\n\t\t\t\t\t<h3 class=\"elementor-heading-title elementor-size-default\">Couple Therapy<\/h3>\t\t\t\t<\/div>\n\t\t\t\t<\/div>\n\t\t\t\t<div class=\"elementor-element elementor-element-0349ac6 elementor-widget elementor-widget-text-editor\" data-id=\"0349ac6\" data-element_type=\"widget\" data-e-type=\"widget\" data-widget_type=\"text-editor.default\">\n\t\t\t\t<div class=\"elementor-widget-container\">\n\t\t\t\t\t\t\t\t\t<p>If you would like to start treatment as a self-payer, there are no formalities that need to be taken into account in advance. The fee is <strong>\u20ac175.00 (per 60 minutes). Couples therapy is not covered by the CNS. Payment by credit card or Payconiq.<\/strong><\/p>\t\t\t\t\t\t\t\t<\/div>\n\t\t\t\t<\/div>\n\t\t\t\t<\/div>\n\t\t<div class=\"elementor-element elementor-element-68f46ce e-con-full e-flex e-con e-child\" data-id=\"68f46ce\" data-element_type=\"container\" data-e-type=\"container\">\n\t\t\t\t<div class=\"elementor-element elementor-element-f92ede9 elementor-widget elementor-widget-image\" data-id=\"f92ede9\" data-element_type=\"widget\" data-e-type=\"widget\" data-widget_type=\"image.default\">\n\t\t\t\t<div class=\"elementor-widget-container\">\n\t\t\t\t\t\t\t\t\t\t\t\t\t\t\t<img decoding=\"async\" width=\"1000\" height=\"1000\" src=\"https:\/\/findyourbetterme.lu\/wp-content\/uploads\/2024\/09\/Kosten-4.png\" class=\"attachment-large size-large wp-image-624\" alt=\"\" srcset=\"https:\/\/findyourbetterme.lu\/wp-content\/uploads\/2024\/09\/Kosten-4.png 1000w, https:\/\/findyourbetterme.lu\/wp-content\/uploads\/2024\/09\/Kosten-4-300x300.png 300w, https:\/\/findyourbetterme.lu\/wp-content\/uploads\/2024\/09\/Kosten-4-150x150.png 150w, https:\/\/findyourbetterme.lu\/wp-content\/uploads\/2024\/09\/Kosten-4-768x768.png 768w, https:\/\/findyourbetterme.lu\/wp-content\/uploads\/2024\/09\/Kosten-4-12x12.png 12w, https:\/\/findyourbetterme.lu\/wp-content\/uploads\/2024\/09\/Kosten-4-650x650.png 650w\" sizes=\"(max-width: 1000px) 100vw, 1000px\" \/>\t\t\t\t\t\t\t\t\t\t\t\t\t\t\t<\/div>\n\t\t\t\t<\/div>\n\t\t\t\t<\/div>\n\t\t\t\t\t<\/div>\n\t\t\t\t<\/div>\n\t\t<div class=\"elementor-element elementor-element-df8fb0e e-flex e-con-boxed e-con e-parent\" data-id=\"df8fb0e\" data-element_type=\"container\" data-e-type=\"container\">\n\t\t\t\t\t<div class=\"e-con-inner\">\n\t\t<div class=\"elementor-element elementor-element-ff5bb50 e-con-full e-flex e-con e-child\" data-id=\"ff5bb50\" data-element_type=\"container\" data-e-type=\"container\">\n\t\t\t\t<div class=\"elementor-element elementor-element-f6988b2 elementor-widget elementor-widget-image\" data-id=\"f6988b2\" data-element_type=\"widget\" data-e-type=\"widget\" data-widget_type=\"image.default\">\n\t\t\t\t<div class=\"elementor-widget-container\">\n\t\t\t\t\t\t\t\t\t\t\t\t\t\t\t<img loading=\"lazy\" decoding=\"async\" width=\"1000\" height=\"1000\" src=\"https:\/\/findyourbetterme.lu\/wp-content\/uploads\/2024\/09\/Kosten-3-1.png\" class=\"attachment-large size-large wp-image-618\" alt=\"\" srcset=\"https:\/\/findyourbetterme.lu\/wp-content\/uploads\/2024\/09\/Kosten-3-1.png 1000w, https:\/\/findyourbetterme.lu\/wp-content\/uploads\/2024\/09\/Kosten-3-1-300x300.png 300w, https:\/\/findyourbetterme.lu\/wp-content\/uploads\/2024\/09\/Kosten-3-1-150x150.png 150w, https:\/\/findyourbetterme.lu\/wp-content\/uploads\/2024\/09\/Kosten-3-1-768x768.png 768w, https:\/\/findyourbetterme.lu\/wp-content\/uploads\/2024\/09\/Kosten-3-1-12x12.png 12w, https:\/\/findyourbetterme.lu\/wp-content\/uploads\/2024\/09\/Kosten-3-1-650x650.png 650w\" sizes=\"(max-width: 1000px) 100vw, 1000px\" \/>\t\t\t\t\t\t\t\t\t\t\t\t\t\t\t<\/div>\n\t\t\t\t<\/div>\n\t\t\t\t<\/div>\n\t\t<div class=\"elementor-element elementor-element-3e94f03 e-con-full e-flex e-con e-child\" data-id=\"3e94f03\" data-element_type=\"container\" data-e-type=\"container\">\n\t\t\t\t<div class=\"elementor-element elementor-element-32d3cbe elementor-widget elementor-widget-heading\" data-id=\"32d3cbe\" data-element_type=\"widget\" data-e-type=\"widget\" data-widget_type=\"heading.default\">\n\t\t\t\t<div class=\"elementor-widget-container\">\n\t\t\t\t\t<h3 class=\"elementor-heading-title elementor-size-default\">Coaching<\/h3>\t\t\t\t<\/div>\n\t\t\t\t<\/div>\n\t\t\t\t<div class=\"elementor-element elementor-element-2644725 elementor-widget elementor-widget-text-editor\" data-id=\"2644725\" data-element_type=\"widget\" data-e-type=\"widget\" data-widget_type=\"text-editor.default\">\n\t\t\t\t<div class=\"elementor-widget-container\">\n\t\t\t\t\t\t\t\t\t<p>If you would like to start treatment as a self-payer, there are no formalities that need to be taken into account in advance. The fee is <strong>175.00 EUR (per 60 minutes). Payment by credit card or Payconiq.<\/strong><\/p>\t\t\t\t\t\t\t\t<\/div>\n\t\t\t\t<\/div>\n\t\t\t\t<\/div>\n\t\t\t\t\t<\/div>\n\t\t\t\t<\/div>\n\t\t\t\t<\/div>","protected":false},"excerpt":{"rendered":"<p>\u00dcbernahme durch die Krankenversicherung (CNS) Die Kosten f\u00fcr psychotherapeutische Leistungen werden von der Krankenversicherung nur auf \u00e4rztliche Verschreibung \u00fcbernommen. Von der CNS [&hellip;]<\/p>\n","protected":false},"author":1,"featured_media":609,"parent":0,"menu_order":0,"comment_status":"closed","ping_status":"closed","template":"","meta":{"footnotes":""},"class_list":["post-20","page","type-page","status-publish","has-post-thumbnail","hentry"],"_links":{"self":[{"href":"https:\/\/findyourbetterme.lu\/en\/wp-json\/wp\/v2\/pages\/20","targetHints":{"allow":["GET"]}}],"collection":[{"href":"https:\/\/findyourbetterme.lu\/en\/wp-json\/wp\/v2\/pages"}],"about":[{"href":"https:\/\/findyourbetterme.lu\/en\/wp-json\/wp\/v2\/types\/page"}],"author":[{"embeddable":true,"href":"https:\/\/findyourbetterme.lu\/en\/wp-json\/wp\/v2\/users\/1"}],"replies":[{"embeddable":true,"href":"https:\/\/findyourbetterme.lu\/en\/wp-json\/wp\/v2\/comments?post=20"}],"version-history":[{"count":3,"href":"https:\/\/findyourbetterme.lu\/en\/wp-json\/wp\/v2\/pages\/20\/revisions"}],"predecessor-version":[{"id":1281,"href":"https:\/\/findyourbetterme.lu\/en\/wp-json\/wp\/v2\/pages\/20\/revisions\/1281"}],"wp:featuredmedia":[{"embeddable":true,"href":"https:\/\/findyourbetterme.lu\/en\/wp-json\/wp\/v2\/media\/609"}],"wp:attachment":[{"href":"https:\/\/findyourbetterme.lu\/en\/wp-json\/wp\/v2\/media?parent=20"}],"curies":[{"name":"wp","href":"https:\/\/api.w.org\/{rel}","templated":true}]}}