{"id":34,"date":"2024-08-16T08:32:15","date_gmt":"2024-08-16T06:32:15","guid":{"rendered":"https:\/\/findyourbetterme.lu\/?page_id=34"},"modified":"2025-06-11T20:42:46","modified_gmt":"2025-06-11T18:42:46","slug":"separation-divorce","status":"publish","type":"page","link":"https:\/\/findyourbetterme.lu\/en\/trennung-scheidung\/","title":{"rendered":"Separation and divorce"},"content":{"rendered":"<div data-elementor-type=\"wp-page\" data-elementor-id=\"34\" class=\"elementor elementor-34\" data-elementor-settings=\"{&quot;element_pack_global_tooltip_width&quot;:{&quot;unit&quot;:&quot;px&quot;,&quot;size&quot;:&quot;&quot;,&quot;sizes&quot;:[]},&quot;element_pack_global_tooltip_width_tablet&quot;:{&quot;unit&quot;:&quot;px&quot;,&quot;size&quot;:&quot;&quot;,&quot;sizes&quot;:[]},&quot;element_pack_global_tooltip_width_mobile&quot;:{&quot;unit&quot;:&quot;px&quot;,&quot;size&quot;:&quot;&quot;,&quot;sizes&quot;:[]},&quot;element_pack_global_tooltip_padding&quot;:{&quot;unit&quot;:&quot;px&quot;,&quot;top&quot;:&quot;&quot;,&quot;right&quot;:&quot;&quot;,&quot;bottom&quot;:&quot;&quot;,&quot;left&quot;:&quot;&quot;,&quot;isLinked&quot;:true},&quot;element_pack_global_tooltip_padding_tablet&quot;:{&quot;unit&quot;:&quot;px&quot;,&quot;top&quot;:&quot;&quot;,&quot;right&quot;:&quot;&quot;,&quot;bottom&quot;:&quot;&quot;,&quot;left&quot;:&quot;&quot;,&quot;isLinked&quot;:true},&quot;element_pack_global_tooltip_padding_mobile&quot;:{&quot;unit&quot;:&quot;px&quot;,&quot;top&quot;:&quot;&quot;,&quot;right&quot;:&quot;&quot;,&quot;bottom&quot;:&quot;&quot;,&quot;left&quot;:&quot;&quot;,&quot;isLinked&quot;:true},&quot;element_pack_global_tooltip_border_radius&quot;:{&quot;unit&quot;:&quot;px&quot;,&quot;top&quot;:&quot;&quot;,&quot;right&quot;:&quot;&quot;,&quot;bottom&quot;:&quot;&quot;,&quot;left&quot;:&quot;&quot;,&quot;isLinked&quot;:true},&quot;element_pack_global_tooltip_border_radius_tablet&quot;:{&quot;unit&quot;:&quot;px&quot;,&quot;top&quot;:&quot;&quot;,&quot;right&quot;:&quot;&quot;,&quot;bottom&quot;:&quot;&quot;,&quot;left&quot;:&quot;&quot;,&quot;isLinked&quot;:true},&quot;element_pack_global_tooltip_border_radius_mobile&quot;:{&quot;unit&quot;:&quot;px&quot;,&quot;top&quot;:&quot;&quot;,&quot;right&quot;:&quot;&quot;,&quot;bottom&quot;:&quot;&quot;,&quot;left&quot;:&quot;&quot;,&quot;isLinked&quot;:true}}\">\n\t\t\t\t<div class=\"elementor-element elementor-element-ab365c8 e-flex e-con-boxed e-con e-parent\" data-id=\"ab365c8\" data-element_type=\"container\" data-e-type=\"container\">\n\t\t\t\t\t<div class=\"e-con-inner\">\n\t\t<div class=\"elementor-element elementor-element-430c7e9 e-con-full e-flex e-con e-child\" data-id=\"430c7e9\" data-element_type=\"container\" data-e-type=\"container\">\n\t\t\t\t<div class=\"elementor-element elementor-element-90699ef elementor-widget elementor-widget-heading\" data-id=\"90699ef\" data-element_type=\"widget\" data-e-type=\"widget\" data-widget_type=\"heading.default\">\n\t\t\t\t<div class=\"elementor-widget-container\">\n\t\t\t\t\t<h3 class=\"elementor-heading-title elementor-size-default\">What happens if you separate?<\/h3>\t\t\t\t<\/div>\n\t\t\t\t<\/div>\n\t\t\t\t<div class=\"elementor-element elementor-element-86809ea elementor-widget elementor-widget-text-editor\" data-id=\"86809ea\" data-element_type=\"widget\" data-e-type=\"widget\" data-widget_type=\"text-editor.default\">\n\t\t\t\t<div class=\"elementor-widget-container\">\n\t\t\t\t\t\t\t\t\t<p>Children and young people have to cope with the separation of their parents and the feelings that come with it, as well as adapt to changes such as moving, step-siblings or a parent&#039;s new relationship. In addition, conflicts between parents or difficult contact with one parent can put a strain on children. Typical emotional reactions are anxiety, tearfulness, emotional instability, problems at school or social withdrawal.<\/p>\t\t\t\t\t\t\t\t<\/div>\n\t\t\t\t<\/div>\n\t\t\t\t<\/div>\n\t\t<div class=\"elementor-element elementor-element-6cd2c4f e-con-full e-flex e-con e-child\" data-id=\"6cd2c4f\" data-element_type=\"container\" data-e-type=\"container\">\n\t\t\t\t<div class=\"elementor-element elementor-element-f6c4343 elementor-invisible elementor-widget elementor-widget-image\" data-id=\"f6c4343\" data-element_type=\"widget\" data-e-type=\"widget\" data-settings=\"{&quot;_animation&quot;:&quot;fadeInRight&quot;}\" data-widget_type=\"image.default\">\n\t\t\t\t<div class=\"elementor-widget-container\">\n\t\t\t\t\t\t\t\t\t\t\t\t\t\t\t<img fetchpriority=\"high\" decoding=\"async\" width=\"1000\" height=\"1000\" src=\"https:\/\/findyourbetterme.lu\/wp-content\/uploads\/2024\/09\/Trennung-4.png\" class=\"attachment-large size-large wp-image-339\" alt=\"Separation and divorce\" srcset=\"https:\/\/findyourbetterme.lu\/wp-content\/uploads\/2024\/09\/Trennung-4.png 1000w, https:\/\/findyourbetterme.lu\/wp-content\/uploads\/2024\/09\/Trennung-4-300x300.png 300w, https:\/\/findyourbetterme.lu\/wp-content\/uploads\/2024\/09\/Trennung-4-150x150.png 150w, https:\/\/findyourbetterme.lu\/wp-content\/uploads\/2024\/09\/Trennung-4-768x768.png 768w, https:\/\/findyourbetterme.lu\/wp-content\/uploads\/2024\/09\/Trennung-4-12x12.png 12w, https:\/\/findyourbetterme.lu\/wp-content\/uploads\/2024\/09\/Trennung-4-650x650.png 650w\" sizes=\"(max-width: 1000px) 100vw, 1000px\" \/>\t\t\t\t\t\t\t\t\t\t\t\t\t\t\t<\/div>\n\t\t\t\t<\/div>\n\t\t\t\t<\/div>\n\t\t\t\t\t<\/div>\n\t\t\t\t<\/div>\n\t\t<div class=\"elementor-element elementor-element-394288b e-flex e-con-boxed e-con e-parent\" data-id=\"394288b\" data-element_type=\"container\" data-e-type=\"container\">\n\t\t\t\t\t<div class=\"e-con-inner\">\n\t\t<div class=\"elementor-element elementor-element-f39a512 e-con-full e-flex e-con e-child\" data-id=\"f39a512\" data-element_type=\"container\" data-e-type=\"container\">\n\t\t\t\t<div class=\"elementor-element elementor-element-f20f707 elementor-invisible elementor-widget elementor-widget-image\" data-id=\"f20f707\" data-element_type=\"widget\" data-e-type=\"widget\" data-settings=\"{&quot;_animation&quot;:&quot;fadeInLeft&quot;}\" data-widget_type=\"image.default\">\n\t\t\t\t<div class=\"elementor-widget-container\">\n\t\t\t\t\t\t\t\t\t\t\t\t\t\t\t<img decoding=\"async\" width=\"1000\" height=\"1000\" src=\"https:\/\/findyourbetterme.lu\/wp-content\/uploads\/2024\/09\/Trennung-3.png\" class=\"attachment-large size-large wp-image-616\" alt=\"Separation and divorce Luxembourg\" srcset=\"https:\/\/findyourbetterme.lu\/wp-content\/uploads\/2024\/09\/Trennung-3.png 1000w, https:\/\/findyourbetterme.lu\/wp-content\/uploads\/2024\/09\/Trennung-3-300x300.png 300w, https:\/\/findyourbetterme.lu\/wp-content\/uploads\/2024\/09\/Trennung-3-150x150.png 150w, https:\/\/findyourbetterme.lu\/wp-content\/uploads\/2024\/09\/Trennung-3-768x768.png 768w, https:\/\/findyourbetterme.lu\/wp-content\/uploads\/2024\/09\/Trennung-3-12x12.png 12w, https:\/\/findyourbetterme.lu\/wp-content\/uploads\/2024\/09\/Trennung-3-650x650.png 650w\" sizes=\"(max-width: 1000px) 100vw, 1000px\" \/>\t\t\t\t\t\t\t\t\t\t\t\t\t\t\t<\/div>\n\t\t\t\t<\/div>\n\t\t\t\t<\/div>\n\t\t<div class=\"elementor-element elementor-element-e58473c e-con-full e-flex e-con e-child\" data-id=\"e58473c\" data-element_type=\"container\" data-e-type=\"container\">\n\t\t\t\t<div class=\"elementor-element elementor-element-ceca49b elementor-widget elementor-widget-heading\" data-id=\"ceca49b\" data-element_type=\"widget\" data-e-type=\"widget\" data-widget_type=\"heading.default\">\n\t\t\t\t<div class=\"elementor-widget-container\">\n\t\t\t\t\t<h3 class=\"elementor-heading-title elementor-size-default\">What helps with separation?<\/h3>\t\t\t\t<\/div>\n\t\t\t\t<\/div>\n\t\t\t\t<div class=\"elementor-element elementor-element-48dc4ec elementor-widget elementor-widget-text-editor\" data-id=\"48dc4ec\" data-element_type=\"widget\" data-e-type=\"widget\" data-widget_type=\"text-editor.default\">\n\t\t\t\t<div class=\"elementor-widget-container\">\n\t\t\t\t\t\t\t\t\t<p>Multimodal behavioral therapy is adapted to the individual problems, strengths and goals of the young people. It can be limited to the separation or include other concerns. Parents are also included and supported in talking better about the separation and finding common arrangements. Young people are supported in processing the separation, developing coping strategies and regaining their joy in life.<\/p>\n<p><!-- \/wp:paragraph --><!-- wp:paragraph --><\/p>\t\t\t\t\t\t\t\t<\/div>\n\t\t\t\t<\/div>\n\t\t\t\t<\/div>\n\t\t\t\t\t<\/div>\n\t\t\t\t<\/div>\n\t\t<div class=\"elementor-element elementor-element-e8d6dc2 e-flex e-con-boxed e-con e-parent\" data-id=\"e8d6dc2\" data-element_type=\"container\" data-e-type=\"container\">\n\t\t\t\t\t<div class=\"e-con-inner\">\n\t\t\t\t<div class=\"elementor-element elementor-element-34867a9 elementor-widget elementor-widget-heading\" data-id=\"34867a9\" data-element_type=\"widget\" data-e-type=\"widget\" data-widget_type=\"heading.default\">\n\t\t\t\t<div class=\"elementor-widget-container\">\n\t\t\t\t\t<h4 class=\"elementor-heading-title elementor-size-default\">If you need help, we are happy to help you.<\/h4>\t\t\t\t<\/div>\n\t\t\t\t<\/div>\n\t\t\t\t\t<\/div>\n\t\t\t\t<\/div>\n\t\t\t\t<\/div>","protected":false},"excerpt":{"rendered":"<p>Was passiert bei Trennung? Kinder und Jugendliche m\u00fcssen die Trennung der Eltern und damit verbundenen Gef\u00fchle bew\u00e4ltigen sowie sich an Ver\u00e4nderungen wie [&hellip;]<\/p>\n","protected":false},"author":1,"featured_media":609,"parent":0,"menu_order":0,"comment_status":"closed","ping_status":"closed","template":"","meta":{"footnotes":""},"class_list":["post-34","page","type-page","status-publish","has-post-thumbnail","hentry"],"_links":{"self":[{"href":"https:\/\/findyourbetterme.lu\/en\/wp-json\/wp\/v2\/pages\/34","targetHints":{"allow":["GET"]}}],"collection":[{"href":"https:\/\/findyourbetterme.lu\/en\/wp-json\/wp\/v2\/pages"}],"about":[{"href":"https:\/\/findyourbetterme.lu\/en\/wp-json\/wp\/v2\/types\/page"}],"author":[{"embeddable":true,"href":"https:\/\/findyourbetterme.lu\/en\/wp-json\/wp\/v2\/users\/1"}],"replies":[{"embeddable":true,"href":"https:\/\/findyourbetterme.lu\/en\/wp-json\/wp\/v2\/comments?post=34"}],"version-history":[{"count":0,"href":"https:\/\/findyourbetterme.lu\/en\/wp-json\/wp\/v2\/pages\/34\/revisions"}],"wp:featuredmedia":[{"embeddable":true,"href":"https:\/\/findyourbetterme.lu\/en\/wp-json\/wp\/v2\/media\/609"}],"wp:attachment":[{"href":"https:\/\/findyourbetterme.lu\/en\/wp-json\/wp\/v2\/media?parent=34"}],"curies":[{"name":"wp","href":"https:\/\/api.w.org\/{rel}","templated":true}]}}